{"id":3495,"date":"2023-10-12T22:20:34","date_gmt":"2023-10-12T20:20:34","guid":{"rendered":"https:\/\/www.hs-anlagentechnik.de\/3495-2\/"},"modified":"2024-11-26T14:31:17","modified_gmt":"2024-11-26T12:31:17","slug":"3495-2","status":"publish","type":"page","link":"https:\/\/www.hs-anlagentechnik.de\/en\/3495-2\/","title":{"rendered":"Legal notice"},"content":{"rendered":"\t\t<div data-elementor-type=\"wp-page\" data-elementor-id=\"3495\" class=\"elementor elementor-3495 elementor-1430\" data-elementor-post-type=\"page\">\n\t\t\t\t<div class=\"elementor-element elementor-element-52e598d e-con-full section-header e-flex e-con e-parent\" data-id=\"52e598d\" data-element_type=\"container\" id=\"hs-header-static\" data-settings=\"{&quot;background_background&quot;:&quot;classic&quot;}\">\n\t\t<div class=\"elementor-element elementor-element-12dd39d e-con-full e-flex e-con e-child\" data-id=\"12dd39d\" data-element_type=\"container\" data-settings=\"{&quot;background_background&quot;:&quot;classic&quot;}\">\n\t\t\t\t<div class=\"elementor-element elementor-element-67da631 elementor-widget elementor-widget-heading\" data-id=\"67da631\" data-element_type=\"widget\" data-widget_type=\"heading.default\">\n\t\t\t\t<div class=\"elementor-widget-container\">\n\t\t\t\t\t<h1 class=\"elementor-heading-title elementor-size-default\">Legal notice<\/h1>\t\t\t\t<\/div>\n\t\t\t\t<\/div>\n\t\t\t\t<\/div>\n\t\t\t\t<\/div>\n\t\t<div class=\"elementor-element elementor-element-3c8b7c0a hs-section e-flex e-con-boxed e-con e-parent\" data-id=\"3c8b7c0a\" data-element_type=\"container\">\n\t\t\t\t\t<div class=\"e-con-inner\">\n\t\t\t\t<div class=\"elementor-element elementor-element-fe77775 elementor-widget elementor-widget-text-editor\" data-id=\"fe77775\" data-element_type=\"widget\" data-widget_type=\"text-editor.default\">\n\t\t\t\t<div class=\"elementor-widget-container\">\n\t\t\t\t\t\t\t\t\t<p><\/p>\n<p><strong>H&amp;S Anlagentechnik GmbH<\/strong><\/p>\n<p>Sandstra\u00dfe 19<br \/>\n27232 Sulingen, Germany<\/p>\n<p>P.O. Box 1530<br \/>\n27226 Sulingen<\/p>\n<p>Telephone: <a href=\"tel:+4942711011\">04271 1011<\/a><br \/>\nFax: 04271 2576<br \/>\nEmail: <a href=\"mailto:info@deula-nienburg.de\">info@hs-anlagentechnik.de<\/a><br \/>\nInternet: <a href=\"https:\/\/www.hs-anlagentechnik.de\/en\/\">www.hs-anlagentechnik.de<\/a><\/p>\n<p><strong>Register court:<\/strong><\/p>\n<p>Municipal court Walsrode<\/p>\n<p><strong>Registration number:<\/strong><\/p>\n<p>HRB (Commercial Registry Number) 100441<\/p>\n<p><strong>VAT ID no. pursuant to Section 27a UstG (German VAT Act):<\/strong><\/p>\n<p>DE116582313<\/p>\n<p><strong>Authorized representative managing director:<\/strong><\/p>\n<p>R\u00fcdiger Schaffrath<\/p>\n<p><strong>Person responsible for content pursuant to Section 18(2) MStV (German State Media Treaty):<\/strong><\/p>\n<p>R\u00fcdiger Schaffrath (address s.a.)<\/p>\n<p><strong>Information pursuant to Section 36 VSBG (German Consumer Dispute Resolution Act):<\/strong><\/p>\n<p>We will not participate in an out-of-court dispute resolution before a consumer arbitration board within the meaning of the German Consumer Dispute Settlement Act and are not obliged to do so.<\/p>\n<p><strong>Information pursuant to Section 37 VSBG (German Consumer Dispute Resolution Act):<\/strong><\/p>\n<p>The responsible consumer arbitration board is the Federal State Universal Arbitration Board (Zentrum f\u00fcr Schlichtung e.V., Stra\u00dfburger Stra\u00dfe 8, 77694 Kehl am Rhein, Germany). We will not participate in an out-of-court dispute resolution before this consumer arbitration board and are not obliged to do so.<\/p>\n<p><strong>Disclaimer:<\/strong><\/p>\n<p>Despite careful monitoring of content, we assume no liability for the content of external links. The operators bear sole responsibility for the content of linked pages.<\/p>\n<p><strong>Privacy:<\/strong><\/p>\n<p>Please note our privacy policy.<\/p>\n<p><strong>Copyright:<\/strong><\/p>\n<p>The content and work presented on these pages is the property of the site operator and is subject to German copyright law. Duplication, editing, distribution, and any kind of utilization of contents exceeding the limits \/ boundaries of copyright law require the approval by the respective author or creator in written form. These pages may only be downloaded and copied for private, not commercial use. In so far as the contents on this page were not created by the operator, third-party copyrights are respected. In particular contents of third parties are marked as such. Nevertheless if you should become aware of a copyright violation we request that you notify us accordingly. Should any legal violations become known to us we shall remove such contents forthwith.<\/p>\n<p><strong>Development and design of internet presence<\/strong><br \/>\nweitkamp marketing GmbH<br \/>\nDomhof\u00a07<br \/>\n49074\u00a0Osnabr\u00fcck<\/p>\n<p>Tel.\u00a00541\u00a0915\u00a0311-0<br \/>\n<a href=\"https:\/\/www.bischof-klein.com\/#\" data-mailto-token=\"hvdgoj5diajVrzdofvhk8hvmfzodib9yz\" data-mailto-vector=\"-5\">info[at]weitkamp-marketing-dot-de<\/a><\/p>\n<p><a href=\"http:\/\/www.weitkamp-marketing.de\" target=\"_blank\" rel=\"noopener noreferrer\">www.weitkamp-marketing.de<\/a><\/p>\n<p><\/p>\n\t\t\t\t\t\t\t\t<\/div>\n\t\t\t\t<\/div>\n\t\t\t\t\t<\/div>\n\t\t\t\t<\/div>\n\t\t\t\t<\/div>\n\t\t","protected":false},"excerpt":{"rendered":"<p>Legal notice H&amp;S Anlagentechnik GmbH Sandstra\u00dfe 19 27232 Sulingen, Germany P.O. Box 1530 27226 Sulingen Telephone: 04271 1011 Fax: 04271 2576 Email: info@hs-anlagentechnik.de Internet: www.hs-anlagentechnik.de Register court: Municipal court Walsrode Registration number: HRB (Commercial Registry Number) 100441 VAT ID no. pursuant to Section 27a UstG (German VAT Act): DE116582313 Authorized representative managing director: R\u00fcdiger Schaffrath [&hellip;]<\/p>\n","protected":false},"author":3,"featured_media":0,"parent":0,"menu_order":0,"comment_status":"closed","ping_status":"open","template":"","meta":{"footnotes":""},"class_list":["post-3495","page","type-page","status-publish","hentry"],"yoast_head":"<!-- This site is optimized with the Yoast SEO plugin v27.4 - https:\/\/yoast.com\/product\/yoast-seo-wordpress\/ -->\n<title>Legal notice - contact partners and legal information<\/title>\n<meta name=\"description\" content=\"Discover all relevant information here. Learn more about the responsible persons and legal notices\" \/>\n<meta name=\"robots\" content=\"index, follow, max-snippet:-1, max-image-preview:large, max-video-preview:-1\" \/>\n<link rel=\"canonical\" href=\"https:\/\/www.hs-anlagentechnik.de\/en\/3495-2\/\" \/>\n<meta property=\"og:locale\" content=\"en_US\" \/>\n<meta property=\"og:type\" content=\"article\" \/>\n<meta property=\"og:title\" content=\"Legal notice - contact partners and legal information\" \/>\n<meta property=\"og:description\" content=\"Discover all relevant information here. Learn more about the responsible persons and legal notices\" \/>\n<meta property=\"og:url\" content=\"https:\/\/www.hs-anlagentechnik.de\/en\/3495-2\/\" \/>\n<meta property=\"og:site_name\" content=\"WordPress - Content-Management-Systeme\" \/>\n<meta property=\"article:modified_time\" content=\"2024-11-26T12:31:17+00:00\" \/>\n<meta name=\"twitter:card\" content=\"summary_large_image\" \/>\n<meta name=\"twitter:label1\" content=\"Est. reading time\" \/>\n\t<meta name=\"twitter:data1\" content=\"2 minutes\" \/>\n<script type=\"application\/ld+json\" class=\"yoast-schema-graph\">{\"@context\":\"https:\\\/\\\/schema.org\",\"@graph\":[{\"@type\":\"WebPage\",\"@id\":\"https:\\\/\\\/www.hs-anlagentechnik.de\\\/en\\\/3495-2\\\/\",\"url\":\"https:\\\/\\\/www.hs-anlagentechnik.de\\\/en\\\/3495-2\\\/\",\"name\":\"Legal notice - contact partners and legal information\",\"isPartOf\":{\"@id\":\"https:\\\/\\\/www.hs-anlagentechnik.de\\\/en\\\/#website\"},\"datePublished\":\"2023-10-12T20:20:34+00:00\",\"dateModified\":\"2024-11-26T12:31:17+00:00\",\"description\":\"Discover all relevant information here. Learn more about the responsible persons and legal notices\",\"breadcrumb\":{\"@id\":\"https:\\\/\\\/www.hs-anlagentechnik.de\\\/en\\\/3495-2\\\/#breadcrumb\"},\"inLanguage\":\"en-US\",\"potentialAction\":[{\"@type\":\"ReadAction\",\"target\":[\"https:\\\/\\\/www.hs-anlagentechnik.de\\\/en\\\/3495-2\\\/\"]}]},{\"@type\":\"BreadcrumbList\",\"@id\":\"https:\\\/\\\/www.hs-anlagentechnik.de\\\/en\\\/3495-2\\\/#breadcrumb\",\"itemListElement\":[{\"@type\":\"ListItem\",\"position\":1,\"name\":\"Home\",\"item\":\"https:\\\/\\\/www.hs-anlagentechnik.de\\\/en\\\/\"},{\"@type\":\"ListItem\",\"position\":2,\"name\":\"Legal notice\"}]},{\"@type\":\"WebSite\",\"@id\":\"https:\\\/\\\/www.hs-anlagentechnik.de\\\/en\\\/#website\",\"url\":\"https:\\\/\\\/www.hs-anlagentechnik.de\\\/en\\\/\",\"name\":\"WordPress - Content-Management-Systeme\",\"description\":\"powered by easyname\",\"publisher\":{\"@id\":\"https:\\\/\\\/www.hs-anlagentechnik.de\\\/en\\\/#organization\"},\"potentialAction\":[{\"@type\":\"SearchAction\",\"target\":{\"@type\":\"EntryPoint\",\"urlTemplate\":\"https:\\\/\\\/www.hs-anlagentechnik.de\\\/en\\\/?s={search_term_string}\"},\"query-input\":{\"@type\":\"PropertyValueSpecification\",\"valueRequired\":true,\"valueName\":\"search_term_string\"}}],\"inLanguage\":\"en-US\"},{\"@type\":\"Organization\",\"@id\":\"https:\\\/\\\/www.hs-anlagentechnik.de\\\/en\\\/#organization\",\"name\":\"WordPress - Content-Management-Systeme\",\"url\":\"https:\\\/\\\/www.hs-anlagentechnik.de\\\/en\\\/\",\"logo\":{\"@type\":\"ImageObject\",\"inLanguage\":\"en-US\",\"@id\":\"https:\\\/\\\/www.hs-anlagentechnik.de\\\/en\\\/#\\\/schema\\\/logo\\\/image\\\/\",\"url\":\"https:\\\/\\\/www.hs-anlagentechnik.de\\\/wp-content\\\/uploads\\\/2023\\\/03\\\/hs-logo-transparent.svg\",\"contentUrl\":\"https:\\\/\\\/www.hs-anlagentechnik.de\\\/wp-content\\\/uploads\\\/2023\\\/03\\\/hs-logo-transparent.svg\",\"width\":100,\"height\":100,\"caption\":\"WordPress - Content-Management-Systeme\"},\"image\":{\"@id\":\"https:\\\/\\\/www.hs-anlagentechnik.de\\\/en\\\/#\\\/schema\\\/logo\\\/image\\\/\"}}]}<\/script>\n<!-- \/ Yoast SEO plugin. -->","yoast_head_json":{"title":"Legal notice - contact partners and legal information","description":"Discover all relevant information here. Learn more about the responsible persons and legal notices","robots":{"index":"index","follow":"follow","max-snippet":"max-snippet:-1","max-image-preview":"max-image-preview:large","max-video-preview":"max-video-preview:-1"},"canonical":"https:\/\/www.hs-anlagentechnik.de\/en\/3495-2\/","og_locale":"en_US","og_type":"article","og_title":"Legal notice - contact partners and legal information","og_description":"Discover all relevant information here. Learn more about the responsible persons and legal notices","og_url":"https:\/\/www.hs-anlagentechnik.de\/en\/3495-2\/","og_site_name":"WordPress - Content-Management-Systeme","article_modified_time":"2024-11-26T12:31:17+00:00","twitter_card":"summary_large_image","twitter_misc":{"Est. reading time":"2 minutes"},"schema":{"@context":"https:\/\/schema.org","@graph":[{"@type":"WebPage","@id":"https:\/\/www.hs-anlagentechnik.de\/en\/3495-2\/","url":"https:\/\/www.hs-anlagentechnik.de\/en\/3495-2\/","name":"Legal notice - contact partners and legal information","isPartOf":{"@id":"https:\/\/www.hs-anlagentechnik.de\/en\/#website"},"datePublished":"2023-10-12T20:20:34+00:00","dateModified":"2024-11-26T12:31:17+00:00","description":"Discover all relevant information here. Learn more about the responsible persons and legal notices","breadcrumb":{"@id":"https:\/\/www.hs-anlagentechnik.de\/en\/3495-2\/#breadcrumb"},"inLanguage":"en-US","potentialAction":[{"@type":"ReadAction","target":["https:\/\/www.hs-anlagentechnik.de\/en\/3495-2\/"]}]},{"@type":"BreadcrumbList","@id":"https:\/\/www.hs-anlagentechnik.de\/en\/3495-2\/#breadcrumb","itemListElement":[{"@type":"ListItem","position":1,"name":"Home","item":"https:\/\/www.hs-anlagentechnik.de\/en\/"},{"@type":"ListItem","position":2,"name":"Legal notice"}]},{"@type":"WebSite","@id":"https:\/\/www.hs-anlagentechnik.de\/en\/#website","url":"https:\/\/www.hs-anlagentechnik.de\/en\/","name":"WordPress - Content-Management-Systeme","description":"powered by easyname","publisher":{"@id":"https:\/\/www.hs-anlagentechnik.de\/en\/#organization"},"potentialAction":[{"@type":"SearchAction","target":{"@type":"EntryPoint","urlTemplate":"https:\/\/www.hs-anlagentechnik.de\/en\/?s={search_term_string}"},"query-input":{"@type":"PropertyValueSpecification","valueRequired":true,"valueName":"search_term_string"}}],"inLanguage":"en-US"},{"@type":"Organization","@id":"https:\/\/www.hs-anlagentechnik.de\/en\/#organization","name":"WordPress - Content-Management-Systeme","url":"https:\/\/www.hs-anlagentechnik.de\/en\/","logo":{"@type":"ImageObject","inLanguage":"en-US","@id":"https:\/\/www.hs-anlagentechnik.de\/en\/#\/schema\/logo\/image\/","url":"https:\/\/www.hs-anlagentechnik.de\/wp-content\/uploads\/2023\/03\/hs-logo-transparent.svg","contentUrl":"https:\/\/www.hs-anlagentechnik.de\/wp-content\/uploads\/2023\/03\/hs-logo-transparent.svg","width":100,"height":100,"caption":"WordPress - Content-Management-Systeme"},"image":{"@id":"https:\/\/www.hs-anlagentechnik.de\/en\/#\/schema\/logo\/image\/"}}]}},"_links":{"self":[{"href":"https:\/\/www.hs-anlagentechnik.de\/en\/wp-json\/wp\/v2\/pages\/3495","targetHints":{"allow":["GET"]}}],"collection":[{"href":"https:\/\/www.hs-anlagentechnik.de\/en\/wp-json\/wp\/v2\/pages"}],"about":[{"href":"https:\/\/www.hs-anlagentechnik.de\/en\/wp-json\/wp\/v2\/types\/page"}],"author":[{"embeddable":true,"href":"https:\/\/www.hs-anlagentechnik.de\/en\/wp-json\/wp\/v2\/users\/3"}],"replies":[{"embeddable":true,"href":"https:\/\/www.hs-anlagentechnik.de\/en\/wp-json\/wp\/v2\/comments?post=3495"}],"version-history":[{"count":12,"href":"https:\/\/www.hs-anlagentechnik.de\/en\/wp-json\/wp\/v2\/pages\/3495\/revisions"}],"predecessor-version":[{"id":4500,"href":"https:\/\/www.hs-anlagentechnik.de\/en\/wp-json\/wp\/v2\/pages\/3495\/revisions\/4500"}],"wp:attachment":[{"href":"https:\/\/www.hs-anlagentechnik.de\/en\/wp-json\/wp\/v2\/media?parent=3495"}],"curies":[{"name":"wp","href":"https:\/\/api.w.org\/{rel}","templated":true}]}}